{"id":104305,"date":"2022-04-05T07:53:21","date_gmt":"2022-04-05T07:53:21","guid":{"rendered":"https:\/\/vemacautomazioni.it\/lineas-de-elaboracion\/embutidos-y-curados\/"},"modified":"2024-01-10T09:56:32","modified_gmt":"2024-01-10T09:56:32","slug":"embutidos-y-curados","status":"publish","type":"page","link":"https:\/\/www.vemacautomazioni.it\/es\/lineas-de-elaboracion\/embutidos-y-curados\/","title":{"rendered":"Embutidos y curados"},"content":{"rendered":"<div class=\"wpb-content-wrapper\"><p>[vc_row row_height_percent=&#8221;0&#8243; override_padding=&#8221;yes&#8221; h_padding=&#8221;2&#8243; top_padding=&#8221;0&#8243; bottom_padding=&#8221;0&#8243; overlay_alpha=&#8221;50&#8243; gutter_size=&#8221;3&#8243; column_width_percent=&#8221;100&#8243; shift_y=&#8221;0&#8243; z_index=&#8221;0&#8243; uncode_shortcode_id=&#8221;160217&#8243; back_color_type=&#8221;uncode-solid&#8221; back_color_solid=&#8221;#cd1719&#8243;][vc_column width=&#8221;1\/1&#8243;][vc_empty_space empty_h=&#8221;2&#8243;][\/vc_column][\/vc_row][vc_row row_height_percent=&#8221;0&#8243; override_padding=&#8221;yes&#8221; h_padding=&#8221;2&#8243; top_padding=&#8221;5&#8243; bottom_padding=&#8221;2&#8243; overlay_alpha=&#8221;50&#8243; gutter_size=&#8221;3&#8243; column_width_percent=&#8221;100&#8243; shift_y=&#8221;0&#8243; z_index=&#8221;0&#8243; uncode_shortcode_id=&#8221;109626&#8243;][vc_column column_width_percent=&#8221;100&#8243; gutter_size=&#8221;3&#8243; overlay_alpha=&#8221;50&#8243; shift_x=&#8221;0&#8243; shift_y=&#8221;0&#8243; shift_y_down=&#8221;0&#8243; z_index=&#8221;0&#8243; medium_width=&#8221;0&#8243; mobile_width=&#8221;0&#8243; width=&#8221;1\/3&#8243; uncode_shortcode_id=&#8221;200797&#8243;][vc_column_text uncode_shortcode_id=&#8221;139452&#8243;]<img decoding=\"async\" class=\"alignnone wp-image-102391\" src=\"https:\/\/www.vemacautomazioni.it\/wp-content\/uploads\/2022\/04\/ico.png\" alt=\"\" width=\"270\" height=\"119\" srcset=\"https:\/\/www.vemacautomazioni.it\/wp-content\/uploads\/2022\/04\/ico.png 400w, https:\/\/www.vemacautomazioni.it\/wp-content\/uploads\/2022\/04\/ico-300x132.png 300w\" sizes=\"(max-width: 270px) 100vw, 270px\" \/>[\/vc_column_text][\/vc_column][vc_column width=&#8221;2\/3&#8243;][vc_row_inner limit_content=&#8221;&#8221;][vc_column_inner column_width_percent=&#8221;100&#8243; gutter_size=&#8221;2&#8243; overlay_alpha=&#8221;50&#8243; shift_x=&#8221;0&#8243; shift_y=&#8221;0&#8243; shift_y_down=&#8221;0&#8243; z_index=&#8221;0&#8243; medium_width=&#8221;0&#8243; mobile_width=&#8221;0&#8243; width=&#8221;1\/1&#8243; uncode_shortcode_id=&#8221;156075&#8243;][vc_custom_heading heading_semantic=&#8221;h3&#8243; text_size=&#8221;fontsize-155944&#8243; text_space=&#8221;fontspace-111509&#8243; uncode_shortcode_id=&#8221;519466&#8243;]Nuestras l\u00edneas de elaboraci\u00f3n para <strong>embutidos y curados<\/strong> se distinguen por el incremento de la eficiencia productiva y por su reducci\u00f3n de costes.[\/vc_custom_heading][vc_separator sep_color=&#8221;&#8221; type=&#8221;dashed&#8221; css_animation=&#8221;right-t-left&#8221; animation_delay=&#8221;400&#8243; uncode_shortcode_id=&#8221;165034&#8243; sep_color_type=&#8221;uncode-solid&#8221; sep_color_solid=&#8221;#cd1719&#8243; el_width=&#8221;180px&#8221; el_height=&#8221;8px&#8221;][\/vc_column_inner][\/vc_row_inner][\/vc_column][\/vc_row][vc_row row_height_percent=&#8221;0&#8243; override_padding=&#8221;yes&#8221; h_padding=&#8221;2&#8243; top_padding=&#8221;2&#8243; bottom_padding=&#8221;5&#8243; overlay_alpha=&#8221;50&#8243; gutter_size=&#8221;3&#8243; column_width_percent=&#8221;100&#8243; shift_y=&#8221;0&#8243; z_index=&#8221;0&#8243; uncode_shortcode_id=&#8221;184180&#8243;][vc_column column_width_use_pixel=&#8221;yes&#8221; gutter_size=&#8221;3&#8243; overlay_alpha=&#8221;50&#8243; shift_x=&#8221;0&#8243; shift_y=&#8221;0&#8243; shift_y_down=&#8221;0&#8243; z_index=&#8221;0&#8243; medium_width=&#8221;0&#8243; mobile_width=&#8221;0&#8243; width=&#8221;1\/3&#8243; uncode_shortcode_id=&#8221;167054&#8243; column_width_pixel=&#8221;200&#8243;][vc_row_inner limit_content=&#8221;&#8221;][vc_column_inner column_width_percent=&#8221;100&#8243; position_vertical=&#8221;middle&#8221; align_horizontal=&#8221;align_center&#8221; gutter_size=&#8221;0&#8243; style=&#8221;dark&#8221; overlay_alpha=&#8221;50&#8243; shift_x=&#8221;0&#8243; shift_y=&#8221;0&#8243; shift_y_down=&#8221;0&#8243; z_index=&#8221;0&#8243; medium_width=&#8221;0&#8243; mobile_width=&#8221;0&#8243; radius=&#8221;xl&#8221; width=&#8221;1\/1&#8243; uncode_shortcode_id=&#8221;117598&#8243; back_color_type=&#8221;uncode-solid&#8221; back_color_solid=&#8221;#cd1719&#8243;][vc_custom_heading heading_semantic=&#8221;h4&#8243; text_size=&#8221;h4&#8243; uncode_shortcode_id=&#8221;802841&#8243;]Carga hasta[\/vc_custom_heading][vc_custom_heading text_size=&#8221;fontsize-155944&#8243; uncode_shortcode_id=&#8221;203727&#8243;]5,8 m[\/vc_custom_heading][\/vc_column_inner][\/vc_row_inner][\/vc_column][vc_column column_width_percent=&#8221;100&#8243; gutter_size=&#8221;2&#8243; overlay_alpha=&#8221;50&#8243; shift_x=&#8221;0&#8243; shift_y=&#8221;0&#8243; shift_y_down=&#8221;0&#8243; z_index=&#8221;0&#8243; medium_width=&#8221;0&#8243; mobile_width=&#8221;0&#8243; width=&#8221;2\/3&#8243; uncode_shortcode_id=&#8221;192806&#8243;][vc_custom_heading heading_semantic=&#8221;h4&#8243; text_size=&#8221;h4&#8243; uncode_shortcode_id=&#8221;184596&#8243;]Beneficios[\/vc_custom_heading][vc_row_inner limit_content=&#8221;&#8221;][vc_column_inner width=&#8221;1\/2&#8243;][vc_column_text uncode_shortcode_id=&#8221;175570&#8243;]<\/p>\n<ul>\n<li>Reducci\u00f3n de la mano de obra de proceso<\/li>\n<li>Incremento de la producci\u00f3n \u00fatil por m2<\/li>\n<li>Reducci\u00f3n de los esfuerzos de los operarios<\/li>\n<li>Reducci\u00f3n de movimientos operativos repetitivos<\/li>\n<\/ul>\n<p>[\/vc_column_text][\/vc_column_inner][vc_column_inner width=&#8221;1\/2&#8243;][vc_column_text uncode_shortcode_id=&#8221;133714&#8243;]<\/p>\n<ul>\n<li>Mejora ergon\u00f3mica de los puestos de trabajo<\/li>\n<li>Conexi\u00f3n entre las m\u00e1quinas de proceso<\/li>\n<li>Optimizaci\u00f3n del espacio<\/li>\n<li>Optimizaci\u00f3n de la carga sobre estanter\u00edas\/racks\/perchas en gu\u00edas<\/li>\n<\/ul>\n<p>[\/vc_column_text][\/vc_column_inner][\/vc_row_inner][\/vc_column][\/vc_row][vc_row row_height_percent=&#8221;0&#8243; override_padding=&#8221;yes&#8221; h_padding=&#8221;2&#8243; top_padding=&#8221;6&#8243; bottom_padding=&#8221;2&#8243; back_color=&#8221;color-lxmt&#8221; overlay_alpha=&#8221;90&#8243; gutter_size=&#8221;3&#8243; column_width_percent=&#8221;100&#8243; shift_y=&#8221;0&#8243; z_index=&#8221;0&#8243; enable_bottom_divider=&#8221;default&#8221; bottom_divider=&#8221;gradient&#8221; shape_bottom_h_use_pixel=&#8221;true&#8221; shape_bottom_height_percent=&#8221;33&#8243; shape_bottom_opacity=&#8221;100&#8243; shape_bottom_index=&#8221;0&#8243; uncode_shortcode_id=&#8221;322953&#8243; back_color_type=&#8221;uncode-palette&#8221;][vc_column column_width_percent=&#8221;100&#8243; gutter_size=&#8221;2&#8243; overlay_alpha=&#8221;50&#8243; shift_x=&#8221;0&#8243; shift_y=&#8221;0&#8243; shift_y_down=&#8221;0&#8243; z_index=&#8221;0&#8243; medium_width=&#8221;0&#8243; mobile_width=&#8221;0&#8243; width=&#8221;1\/1&#8243; uncode_shortcode_id=&#8221;772094&#8243;][vc_custom_heading heading_semantic=&#8221;h3&#8243; css_animation=&#8221;bottom-t-top&#8221; uncode_shortcode_id=&#8221;176506&#8243;]L\u00ednea con carga autom\u00e1tica y sistema robotizado[\/vc_custom_heading][vc_empty_space empty_h=&#8221;2&#8243;][vc_gallery el_id=&#8221;gallery-101904&#8243; isotope_mode=&#8221;fitRows&#8221; medias=&#8221;102533,102538,102543,102548,102553,102578,102583,102588,102593,102598,102603,102608&#8243; gutter_size=&#8221;3&#8243; media_items=&#8221;caption,media|nolink|original,title&#8221; screen_lg=&#8221;1000&#8243; screen_md=&#8221;600&#8243; screen_sm=&#8221;480&#8243; single_text=&#8221;under&#8221; single_width=&#8221;3&#8243; images_size=&#8221;three-two&#8221; single_shape=&#8221;round&#8221; single_overlay_opacity=&#8221;50&#8243; single_overlay_anim=&#8221;no&#8221; single_text_anim=&#8221;no&#8221; single_image_anim=&#8221;no&#8221; single_padding=&#8221;1&#8243; single_text_reduced=&#8221;yes&#8221; single_title_dimension=&#8221;h4&#8243; single_shadow=&#8221;yes&#8221; shadow_weight=&#8221;std&#8221; single_border=&#8221;yes&#8221; single_css_animation=&#8221;bottom-t-top&#8221; uncode_shortcode_id=&#8221;135769&#8243;][\/vc_column][\/vc_row][vc_row row_height_percent=&#8221;0&#8243; override_padding=&#8221;yes&#8221; h_padding=&#8221;2&#8243; top_padding=&#8221;4&#8243; bottom_padding=&#8221;7&#8243; overlay_alpha=&#8221;50&#8243; gutter_size=&#8221;3&#8243; column_width_percent=&#8221;100&#8243; shift_y=&#8221;0&#8243; z_index=&#8221;0&#8243; uncode_shortcode_id=&#8221;446127&#8243;][vc_column column_width_percent=&#8221;100&#8243; gutter_size=&#8221;2&#8243; overlay_alpha=&#8221;50&#8243; shift_x=&#8221;0&#8243; shift_y=&#8221;0&#8243; shift_y_down=&#8221;0&#8243; z_index=&#8221;0&#8243; medium_width=&#8221;0&#8243; mobile_width=&#8221;0&#8243; width=&#8221;1\/1&#8243; uncode_shortcode_id=&#8221;325303&#8243;][vc_custom_heading heading_semantic=&#8221;h3&#8243; css_animation=&#8221;bottom-t-top&#8221; uncode_shortcode_id=&#8221;322720&#8243;]L\u00ednea con carga semiautom\u00e1tica y sistema de transelevador de carga[\/vc_custom_heading][vc_empty_space empty_h=&#8221;2&#8243;][vc_gallery el_id=&#8221;gallery-1019042&#8243; isotope_mode=&#8221;fitRows&#8221; medias=&#8221;102533,102538,102558,102568,102573,102578,102583,102588,102593,102598,102603,102608&#8243; gutter_size=&#8221;3&#8243; media_items=&#8221;caption,media|nolink|original,title&#8221; screen_lg=&#8221;1000&#8243; screen_md=&#8221;600&#8243; screen_sm=&#8221;480&#8243; single_text=&#8221;under&#8221; single_width=&#8221;3&#8243; images_size=&#8221;three-two&#8221; single_shape=&#8221;round&#8221; single_overlay_opacity=&#8221;50&#8243; single_overlay_anim=&#8221;no&#8221; single_text_anim=&#8221;no&#8221; single_image_anim=&#8221;no&#8221; single_padding=&#8221;1&#8243; single_text_reduced=&#8221;yes&#8221; single_title_dimension=&#8221;h4&#8243; single_shadow=&#8221;yes&#8221; shadow_weight=&#8221;std&#8221; single_border=&#8221;yes&#8221; single_css_animation=&#8221;bottom-t-top&#8221; uncode_shortcode_id=&#8221;762195&#8243;][\/vc_column][\/vc_row][vc_row unlock_row_content=&#8221;yes&#8221; row_height_percent=&#8221;0&#8243; override_padding=&#8221;yes&#8221; h_padding=&#8221;0&#8243; top_padding=&#8221;0&#8243; bottom_padding=&#8221;0&#8243; overlay_alpha=&#8221;50&#8243; gutter_size=&#8221;3&#8243; column_width_percent=&#8221;100&#8243; shift_y=&#8221;0&#8243; z_index=&#8221;0&#8243; uncode_shortcode_id=&#8221;982693&#8243;][vc_column width=&#8221;1\/1&#8243;][vc_gallery el_id=&#8221;gallery-148163-95511&#8243; type=&#8221;carousel&#8221; medias=&#8221;102613,102563,102628,102633,102618,102623&#8243; carousel_lg=&#8221;3&#8243; carousel_md=&#8221;3&#8243; carousel_sm=&#8221;1&#8243; thumb_size=&#8221;three-two&#8221; gutter_size=&#8221;1&#8243; media_items=&#8221;media|nolink|original&#8221; carousel_interval=&#8221;3000&#8243; carousel_navspeed=&#8221;400&#8243; carousel_loop=&#8221;yes&#8221; carousel_nav=&#8221;yes&#8221; carousel_dots_mobile=&#8221;yes&#8221; carousel_dots_inside=&#8221;yes&#8221; carousel_dot_padding=&#8221;2&#8243; stage_padding=&#8221;0&#8243; single_overlay_color=&#8221;color-jevc&#8221; single_overlay_coloration=&#8221;bottom_gradient&#8221; single_overlay_opacity=&#8221;30&#8243; single_overlay_visible=&#8221;yes&#8221; single_overlay_anim=&#8221;no&#8221; single_text_visible=&#8221;yes&#8221; single_text_anim=&#8221;no&#8221; single_image_anim=&#8221;no&#8221; single_v_position=&#8221;bottom&#8221; single_padding=&#8221;2&#8243; single_border=&#8221;yes&#8221; uncode_shortcode_id=&#8221;109508&#8243;][\/vc_column][\/vc_row][vc_row][vc_column width=&#8221;1\/1&#8243;][uncode_block id=&#8221;102665&#8243;][\/vc_column][\/vc_row]<\/p>\n<\/div>","protected":false},"excerpt":{"rendered":"<p>L\u00edneas de elaboraci\u00f3n<\/p>\n","protected":false},"author":1,"featured_media":102013,"parent":104200,"menu_order":0,"comment_status":"closed","ping_status":"closed","template":"","meta":{"footnotes":""},"class_list":["post-104305","page","type-page","status-publish","has-post-thumbnail","hentry","page_category-lineas-de-elaboracion"],"yoast_head":"<!-- This site is optimized with the Yoast SEO plugin v27.4 - https:\/\/yoast.com\/product\/yoast-seo-wordpress\/ -->\n<title>VEMAC | Lineas de elaboraci\u00f3n para embutidos y curados<\/title>\n<meta name=\"description\" content=\"Nuestras l\u00edneas de elaboraci\u00f3n para embutidos y curados se distinguen por su alta eficiencia productiva y por su reducci\u00f3n de costes.\" \/>\n<meta name=\"robots\" content=\"index, follow, max-snippet:-1, max-image-preview:large, max-video-preview:-1\" \/>\n<link rel=\"canonical\" href=\"https:\/\/www.vemacautomazioni.it\/es\/lineas-de-elaboracion\/embutidos-y-curados\/\" \/>\n<meta property=\"og:locale\" content=\"es_ES\" \/>\n<meta property=\"og:type\" content=\"article\" \/>\n<meta property=\"og:title\" content=\"VEMAC | Lineas de elaboraci\u00f3n para embutidos y curados\" \/>\n<meta property=\"og:description\" content=\"Nuestras l\u00edneas de elaboraci\u00f3n para embutidos y curados se distinguen por su alta eficiencia productiva y por su reducci\u00f3n de costes.\" \/>\n<meta property=\"og:url\" content=\"https:\/\/www.vemacautomazioni.it\/es\/lineas-de-elaboracion\/embutidos-y-curados\/\" \/>\n<meta property=\"og:site_name\" content=\"VEMAC\" \/>\n<meta property=\"article:modified_time\" content=\"2024-01-10T09:56:32+00:00\" \/>\n<meta property=\"og:image\" content=\"https:\/\/www.vemacautomazioni.it\/wp-content\/uploads\/2022\/04\/vemac-Linea-di-lavorazione-Salami-e-salumi-stagionati.jpg\" \/>\n\t<meta property=\"og:image:width\" content=\"1920\" \/>\n\t<meta property=\"og:image:height\" content=\"1080\" \/>\n\t<meta property=\"og:image:type\" content=\"image\/jpeg\" \/>\n<meta name=\"twitter:card\" content=\"summary_large_image\" \/>\n<meta name=\"twitter:label1\" content=\"Est. reading time\" \/>\n\t<meta name=\"twitter:data1\" content=\"5 minutes\" \/>\n<script type=\"application\/ld+json\" class=\"yoast-schema-graph\">{\"@context\":\"https:\\\/\\\/schema.org\",\"@graph\":[{\"@type\":\"WebPage\",\"@id\":\"https:\\\/\\\/www.vemacautomazioni.it\\\/es\\\/lineas-de-elaboracion\\\/embutidos-y-curados\\\/\",\"url\":\"https:\\\/\\\/www.vemacautomazioni.it\\\/es\\\/lineas-de-elaboracion\\\/embutidos-y-curados\\\/\",\"name\":\"VEMAC | Lineas de elaboraci\u00f3n para embutidos y curados\",\"isPartOf\":{\"@id\":\"https:\\\/\\\/www.vemacautomazioni.it\\\/es\\\/#website\"},\"primaryImageOfPage\":{\"@id\":\"https:\\\/\\\/www.vemacautomazioni.it\\\/es\\\/lineas-de-elaboracion\\\/embutidos-y-curados\\\/#primaryimage\"},\"image\":{\"@id\":\"https:\\\/\\\/www.vemacautomazioni.it\\\/es\\\/lineas-de-elaboracion\\\/embutidos-y-curados\\\/#primaryimage\"},\"thumbnailUrl\":\"https:\\\/\\\/www.vemacautomazioni.it\\\/wp-content\\\/uploads\\\/2022\\\/04\\\/vemac-Linea-di-lavorazione-Salami-e-salumi-stagionati.jpg\",\"datePublished\":\"2022-04-05T07:53:21+00:00\",\"dateModified\":\"2024-01-10T09:56:32+00:00\",\"description\":\"Nuestras l\u00edneas de elaboraci\u00f3n para embutidos y curados se distinguen por su alta eficiencia productiva y por su reducci\u00f3n de costes.\",\"breadcrumb\":{\"@id\":\"https:\\\/\\\/www.vemacautomazioni.it\\\/es\\\/lineas-de-elaboracion\\\/embutidos-y-curados\\\/#breadcrumb\"},\"inLanguage\":\"es-ES\",\"potentialAction\":[{\"@type\":\"ReadAction\",\"target\":[\"https:\\\/\\\/www.vemacautomazioni.it\\\/es\\\/lineas-de-elaboracion\\\/embutidos-y-curados\\\/\"]}]},{\"@type\":\"ImageObject\",\"inLanguage\":\"es-ES\",\"@id\":\"https:\\\/\\\/www.vemacautomazioni.it\\\/es\\\/lineas-de-elaboracion\\\/embutidos-y-curados\\\/#primaryimage\",\"url\":\"https:\\\/\\\/www.vemacautomazioni.it\\\/wp-content\\\/uploads\\\/2022\\\/04\\\/vemac-Linea-di-lavorazione-Salami-e-salumi-stagionati.jpg\",\"contentUrl\":\"https:\\\/\\\/www.vemacautomazioni.it\\\/wp-content\\\/uploads\\\/2022\\\/04\\\/vemac-Linea-di-lavorazione-Salami-e-salumi-stagionati.jpg\",\"width\":1920,\"height\":1080},{\"@type\":\"BreadcrumbList\",\"@id\":\"https:\\\/\\\/www.vemacautomazioni.it\\\/es\\\/lineas-de-elaboracion\\\/embutidos-y-curados\\\/#breadcrumb\",\"itemListElement\":[{\"@type\":\"ListItem\",\"position\":1,\"name\":\"Home\",\"item\":\"https:\\\/\\\/www.vemacautomazioni.it\\\/es\\\/\"},{\"@type\":\"ListItem\",\"position\":2,\"name\":\"L\u00edneas de elaboraci\u00f3n\",\"item\":\"https:\\\/\\\/www.vemacautomazioni.it\\\/es\\\/lineas-de-elaboracion\\\/\"},{\"@type\":\"ListItem\",\"position\":3,\"name\":\"Embutidos y curados\"}]},{\"@type\":\"WebSite\",\"@id\":\"https:\\\/\\\/www.vemacautomazioni.it\\\/es\\\/#website\",\"url\":\"https:\\\/\\\/www.vemacautomazioni.it\\\/es\\\/\",\"name\":\"VEMAC\",\"description\":\"Industrial automation\",\"potentialAction\":[{\"@type\":\"SearchAction\",\"target\":{\"@type\":\"EntryPoint\",\"urlTemplate\":\"https:\\\/\\\/www.vemacautomazioni.it\\\/es\\\/?s={search_term_string}\"},\"query-input\":{\"@type\":\"PropertyValueSpecification\",\"valueRequired\":true,\"valueName\":\"search_term_string\"}}],\"inLanguage\":\"es-ES\"}]}<\/script>\n<!-- \/ Yoast SEO plugin. -->","yoast_head_json":{"title":"VEMAC | Lineas de elaboraci\u00f3n para embutidos y curados","description":"Nuestras l\u00edneas de elaboraci\u00f3n para embutidos y curados se distinguen por su alta eficiencia productiva y por su reducci\u00f3n de costes.","robots":{"index":"index","follow":"follow","max-snippet":"max-snippet:-1","max-image-preview":"max-image-preview:large","max-video-preview":"max-video-preview:-1"},"canonical":"https:\/\/www.vemacautomazioni.it\/es\/lineas-de-elaboracion\/embutidos-y-curados\/","og_locale":"es_ES","og_type":"article","og_title":"VEMAC | Lineas de elaboraci\u00f3n para embutidos y curados","og_description":"Nuestras l\u00edneas de elaboraci\u00f3n para embutidos y curados se distinguen por su alta eficiencia productiva y por su reducci\u00f3n de costes.","og_url":"https:\/\/www.vemacautomazioni.it\/es\/lineas-de-elaboracion\/embutidos-y-curados\/","og_site_name":"VEMAC","article_modified_time":"2024-01-10T09:56:32+00:00","og_image":[{"width":1920,"height":1080,"url":"https:\/\/www.vemacautomazioni.it\/wp-content\/uploads\/2022\/04\/vemac-Linea-di-lavorazione-Salami-e-salumi-stagionati.jpg","type":"image\/jpeg"}],"twitter_card":"summary_large_image","twitter_misc":{"Est. reading time":"5 minutes"},"schema":{"@context":"https:\/\/schema.org","@graph":[{"@type":"WebPage","@id":"https:\/\/www.vemacautomazioni.it\/es\/lineas-de-elaboracion\/embutidos-y-curados\/","url":"https:\/\/www.vemacautomazioni.it\/es\/lineas-de-elaboracion\/embutidos-y-curados\/","name":"VEMAC | Lineas de elaboraci\u00f3n para embutidos y curados","isPartOf":{"@id":"https:\/\/www.vemacautomazioni.it\/es\/#website"},"primaryImageOfPage":{"@id":"https:\/\/www.vemacautomazioni.it\/es\/lineas-de-elaboracion\/embutidos-y-curados\/#primaryimage"},"image":{"@id":"https:\/\/www.vemacautomazioni.it\/es\/lineas-de-elaboracion\/embutidos-y-curados\/#primaryimage"},"thumbnailUrl":"https:\/\/www.vemacautomazioni.it\/wp-content\/uploads\/2022\/04\/vemac-Linea-di-lavorazione-Salami-e-salumi-stagionati.jpg","datePublished":"2022-04-05T07:53:21+00:00","dateModified":"2024-01-10T09:56:32+00:00","description":"Nuestras l\u00edneas de elaboraci\u00f3n para embutidos y curados se distinguen por su alta eficiencia productiva y por su reducci\u00f3n de costes.","breadcrumb":{"@id":"https:\/\/www.vemacautomazioni.it\/es\/lineas-de-elaboracion\/embutidos-y-curados\/#breadcrumb"},"inLanguage":"es-ES","potentialAction":[{"@type":"ReadAction","target":["https:\/\/www.vemacautomazioni.it\/es\/lineas-de-elaboracion\/embutidos-y-curados\/"]}]},{"@type":"ImageObject","inLanguage":"es-ES","@id":"https:\/\/www.vemacautomazioni.it\/es\/lineas-de-elaboracion\/embutidos-y-curados\/#primaryimage","url":"https:\/\/www.vemacautomazioni.it\/wp-content\/uploads\/2022\/04\/vemac-Linea-di-lavorazione-Salami-e-salumi-stagionati.jpg","contentUrl":"https:\/\/www.vemacautomazioni.it\/wp-content\/uploads\/2022\/04\/vemac-Linea-di-lavorazione-Salami-e-salumi-stagionati.jpg","width":1920,"height":1080},{"@type":"BreadcrumbList","@id":"https:\/\/www.vemacautomazioni.it\/es\/lineas-de-elaboracion\/embutidos-y-curados\/#breadcrumb","itemListElement":[{"@type":"ListItem","position":1,"name":"Home","item":"https:\/\/www.vemacautomazioni.it\/es\/"},{"@type":"ListItem","position":2,"name":"L\u00edneas de elaboraci\u00f3n","item":"https:\/\/www.vemacautomazioni.it\/es\/lineas-de-elaboracion\/"},{"@type":"ListItem","position":3,"name":"Embutidos y curados"}]},{"@type":"WebSite","@id":"https:\/\/www.vemacautomazioni.it\/es\/#website","url":"https:\/\/www.vemacautomazioni.it\/es\/","name":"VEMAC","description":"Industrial automation","potentialAction":[{"@type":"SearchAction","target":{"@type":"EntryPoint","urlTemplate":"https:\/\/www.vemacautomazioni.it\/es\/?s={search_term_string}"},"query-input":{"@type":"PropertyValueSpecification","valueRequired":true,"valueName":"search_term_string"}}],"inLanguage":"es-ES"}]}},"_links":{"self":[{"href":"https:\/\/www.vemacautomazioni.it\/es\/wp-json\/wp\/v2\/pages\/104305","targetHints":{"allow":["GET"]}}],"collection":[{"href":"https:\/\/www.vemacautomazioni.it\/es\/wp-json\/wp\/v2\/pages"}],"about":[{"href":"https:\/\/www.vemacautomazioni.it\/es\/wp-json\/wp\/v2\/types\/page"}],"author":[{"embeddable":true,"href":"https:\/\/www.vemacautomazioni.it\/es\/wp-json\/wp\/v2\/users\/1"}],"replies":[{"embeddable":true,"href":"https:\/\/www.vemacautomazioni.it\/es\/wp-json\/wp\/v2\/comments?post=104305"}],"version-history":[{"count":3,"href":"https:\/\/www.vemacautomazioni.it\/es\/wp-json\/wp\/v2\/pages\/104305\/revisions"}],"predecessor-version":[{"id":105977,"href":"https:\/\/www.vemacautomazioni.it\/es\/wp-json\/wp\/v2\/pages\/104305\/revisions\/105977"}],"up":[{"embeddable":true,"href":"https:\/\/www.vemacautomazioni.it\/es\/wp-json\/wp\/v2\/pages\/104200"}],"wp:featuredmedia":[{"embeddable":true,"href":"https:\/\/www.vemacautomazioni.it\/es\/wp-json\/wp\/v2\/media\/102013"}],"wp:attachment":[{"href":"https:\/\/www.vemacautomazioni.it\/es\/wp-json\/wp\/v2\/media?parent=104305"}],"curies":[{"name":"wp","href":"https:\/\/api.w.org\/{rel}","templated":true}]}}