{"id":104266,"date":"2022-04-05T07:55:51","date_gmt":"2022-04-05T07:55:51","guid":{"rendered":"https:\/\/vemacautomazioni.it\/lignes-de-traitement\/jambons-secs\/"},"modified":"2024-01-10T09:54:47","modified_gmt":"2024-01-10T09:54:47","slug":"jambons-secs","status":"publish","type":"page","link":"https:\/\/www.vemacautomazioni.it\/fr\/lignes-de-traitement\/jambons-secs\/","title":{"rendered":"Jambons secs"},"content":{"rendered":"<div class=\"wpb-content-wrapper\"><p>[vc_row row_height_percent=&#8221;0&#8243; override_padding=&#8221;yes&#8221; h_padding=&#8221;2&#8243; top_padding=&#8221;0&#8243; bottom_padding=&#8221;0&#8243; overlay_alpha=&#8221;50&#8243; gutter_size=&#8221;3&#8243; column_width_percent=&#8221;100&#8243; shift_y=&#8221;0&#8243; z_index=&#8221;0&#8243; uncode_shortcode_id=&#8221;428984&#8243; back_color_type=&#8221;uncode-solid&#8221; back_color_solid=&#8221;#eb5b25&#8243;][vc_column width=&#8221;1\/1&#8243;][vc_empty_space empty_h=&#8221;2&#8243;][\/vc_column][\/vc_row][vc_row row_height_percent=&#8221;0&#8243; override_padding=&#8221;yes&#8221; h_padding=&#8221;2&#8243; top_padding=&#8221;5&#8243; bottom_padding=&#8221;2&#8243; overlay_alpha=&#8221;50&#8243; gutter_size=&#8221;3&#8243; column_width_percent=&#8221;100&#8243; shift_y=&#8221;0&#8243; z_index=&#8221;0&#8243; uncode_shortcode_id=&#8221;109626&#8243;][vc_column column_width_percent=&#8221;100&#8243; gutter_size=&#8221;3&#8243; overlay_alpha=&#8221;50&#8243; shift_x=&#8221;0&#8243; shift_y=&#8221;0&#8243; shift_y_down=&#8221;0&#8243; z_index=&#8221;0&#8243; medium_width=&#8221;0&#8243; mobile_width=&#8221;0&#8243; width=&#8221;1\/3&#8243; uncode_shortcode_id=&#8221;162829&#8243;][vc_column_text uncode_shortcode_id=&#8221;139452&#8243;]<img decoding=\"async\" class=\"alignnone wp-image-102391\" src=\"https:\/\/www.vemacautomazioni.it\/wp-content\/uploads\/2022\/04\/ico.png\" alt=\"\" width=\"270\" height=\"119\" srcset=\"https:\/\/www.vemacautomazioni.it\/wp-content\/uploads\/2022\/04\/ico.png 400w, https:\/\/www.vemacautomazioni.it\/wp-content\/uploads\/2022\/04\/ico-300x132.png 300w\" sizes=\"(max-width: 270px) 100vw, 270px\" \/>[\/vc_column_text][\/vc_column][vc_column width=&#8221;2\/3&#8243;][vc_row_inner limit_content=&#8221;&#8221;][vc_column_inner column_width_percent=&#8221;100&#8243; gutter_size=&#8221;2&#8243; overlay_alpha=&#8221;50&#8243; shift_x=&#8221;0&#8243; shift_y=&#8221;0&#8243; shift_y_down=&#8221;0&#8243; z_index=&#8221;0&#8243; medium_width=&#8221;0&#8243; mobile_width=&#8221;0&#8243; width=&#8221;1\/1&#8243; uncode_shortcode_id=&#8221;156075&#8243;][vc_custom_heading heading_semantic=&#8221;h3&#8243; text_size=&#8221;fontsize-155944&#8243; text_space=&#8221;fontspace-111509&#8243; uncode_shortcode_id=&#8221;142723&#8243;]Nos lignes de traitement des <strong>jambons secs<\/strong> se distinguent par l&#8217;augmentation de l&#8217;efficacit\u00e9 de la production et la r\u00e9duction des co\u00fbts.[\/vc_custom_heading][vc_separator sep_color=&#8221;&#8221; type=&#8221;dashed&#8221; css_animation=&#8221;right-t-left&#8221; animation_delay=&#8221;400&#8243; uncode_shortcode_id=&#8221;442889&#8243; sep_color_type=&#8221;uncode-solid&#8221; sep_color_solid=&#8221;#eb5b25&#8243; el_width=&#8221;180px&#8221; el_height=&#8221;8px&#8221;][\/vc_column_inner][\/vc_row_inner][\/vc_column][\/vc_row][vc_row row_height_percent=&#8221;0&#8243; override_padding=&#8221;yes&#8221; h_padding=&#8221;2&#8243; top_padding=&#8221;2&#8243; bottom_padding=&#8221;5&#8243; overlay_alpha=&#8221;50&#8243; gutter_size=&#8221;3&#8243; column_width_percent=&#8221;100&#8243; shift_y=&#8221;0&#8243; z_index=&#8221;0&#8243; uncode_shortcode_id=&#8221;184180&#8243;][vc_column column_width_use_pixel=&#8221;yes&#8221; gutter_size=&#8221;3&#8243; overlay_alpha=&#8221;50&#8243; shift_x=&#8221;0&#8243; shift_y=&#8221;0&#8243; shift_y_down=&#8221;0&#8243; z_index=&#8221;0&#8243; medium_width=&#8221;0&#8243; mobile_width=&#8221;0&#8243; width=&#8221;1\/3&#8243; uncode_shortcode_id=&#8221;167054&#8243; column_width_pixel=&#8221;200&#8243;][vc_row_inner limit_content=&#8221;&#8221;][vc_column_inner column_width_percent=&#8221;100&#8243; position_vertical=&#8221;middle&#8221; align_horizontal=&#8221;align_center&#8221; gutter_size=&#8221;0&#8243; style=&#8221;dark&#8221; overlay_alpha=&#8221;50&#8243; shift_x=&#8221;0&#8243; shift_y=&#8221;0&#8243; shift_y_down=&#8221;0&#8243; z_index=&#8221;0&#8243; medium_width=&#8221;0&#8243; mobile_width=&#8221;0&#8243; radius=&#8221;xl&#8221; width=&#8221;1\/1&#8243; uncode_shortcode_id=&#8221;135483&#8243; back_color_type=&#8221;uncode-solid&#8221; back_color_solid=&#8221;#eb5b25&#8243;][vc_custom_heading heading_semantic=&#8221;h4&#8243; text_size=&#8221;h4&#8243; uncode_shortcode_id=&#8221;802841&#8243;]Chargement jusqu&#8217;\u00e0[\/vc_custom_heading][vc_custom_heading text_size=&#8221;fontsize-155944&#8243; uncode_shortcode_id=&#8221;176844&#8243;]6 m[\/vc_custom_heading][\/vc_column_inner][\/vc_row_inner][\/vc_column][vc_column column_width_percent=&#8221;100&#8243; gutter_size=&#8221;2&#8243; overlay_alpha=&#8221;50&#8243; shift_x=&#8221;0&#8243; shift_y=&#8221;0&#8243; shift_y_down=&#8221;0&#8243; z_index=&#8221;0&#8243; medium_width=&#8221;0&#8243; mobile_width=&#8221;0&#8243; width=&#8221;2\/3&#8243; uncode_shortcode_id=&#8221;192806&#8243;][vc_custom_heading heading_semantic=&#8221;h4&#8243; text_size=&#8221;h4&#8243; uncode_shortcode_id=&#8221;184596&#8243;]Avantages[\/vc_custom_heading][vc_row_inner limit_content=&#8221;&#8221;][vc_column_inner width=&#8221;1\/2&#8243;][vc_column_text uncode_shortcode_id=&#8221;196082&#8243;]<\/p>\n<ul>\n<li>R\u00e9duction de la main-d&#8217;\u0153uvre de processus<\/li>\n<li>Augmentation de la production utile par m2<\/li>\n<li>R\u00e9duction de la p\u00e9nibilit\u00e9 des op\u00e9rateurs<\/li>\n<li>R\u00e9duction des mouvements de fonctionnement r\u00e9p\u00e9titifs<\/li>\n<\/ul>\n<p>[\/vc_column_text][\/vc_column_inner][vc_column_inner width=&#8221;1\/2&#8243;][vc_column_text uncode_shortcode_id=&#8221;155511&#8243;]<\/p>\n<ul>\n<li>Am\u00e9lioration ergonomique des postes de travail<\/li>\n<li>Connexion entre les machines du process<\/li>\n<li>Optimisation de l&#8217;espace<\/li>\n<li>Optimisation du chargement sur les cadres\/racks\/rail<\/li>\n<\/ul>\n<p>[\/vc_column_text][\/vc_column_inner][\/vc_row_inner][\/vc_column][\/vc_row][vc_row row_height_percent=&#8221;0&#8243; override_padding=&#8221;yes&#8221; h_padding=&#8221;2&#8243; top_padding=&#8221;6&#8243; bottom_padding=&#8221;6&#8243; back_color=&#8221;color-lxmt&#8221; overlay_alpha=&#8221;90&#8243; gutter_size=&#8221;3&#8243; column_width_percent=&#8221;100&#8243; shift_y=&#8221;0&#8243; z_index=&#8221;0&#8243; bottom_divider=&#8221;gradient&#8221; uncode_shortcode_id=&#8221;132368&#8243; back_color_type=&#8221;uncode-palette&#8221;][vc_column column_width_percent=&#8221;100&#8243; gutter_size=&#8221;2&#8243; overlay_alpha=&#8221;50&#8243; shift_x=&#8221;0&#8243; shift_y=&#8221;0&#8243; shift_y_down=&#8221;0&#8243; z_index=&#8221;0&#8243; medium_width=&#8221;0&#8243; mobile_width=&#8221;0&#8243; width=&#8221;1\/1&#8243; uncode_shortcode_id=&#8221;772094&#8243;][vc_gallery el_id=&#8221;gallery-101904&#8243; isotope_mode=&#8221;fitRows&#8221; medias=&#8221;102741,102736,102671,102676,102681,102686,102691,102696,102701,102706,102711,102716&#8243; gutter_size=&#8221;3&#8243; media_items=&#8221;caption,media|nolink|original,title&#8221; screen_lg=&#8221;1000&#8243; screen_md=&#8221;600&#8243; screen_sm=&#8221;480&#8243; single_text=&#8221;under&#8221; single_width=&#8221;3&#8243; images_size=&#8221;three-two&#8221; single_shape=&#8221;round&#8221; single_overlay_opacity=&#8221;50&#8243; single_overlay_anim=&#8221;no&#8221; single_text_anim=&#8221;no&#8221; single_image_anim=&#8221;no&#8221; single_padding=&#8221;1&#8243; single_text_reduced=&#8221;yes&#8221; single_title_dimension=&#8221;h4&#8243; single_shadow=&#8221;yes&#8221; shadow_weight=&#8221;std&#8221; single_border=&#8221;yes&#8221; single_css_animation=&#8221;bottom-t-top&#8221; uncode_shortcode_id=&#8221;107288&#8243;][\/vc_column][\/vc_row][vc_row unlock_row_content=&#8221;yes&#8221; row_height_percent=&#8221;0&#8243; override_padding=&#8221;yes&#8221; h_padding=&#8221;0&#8243; top_padding=&#8221;0&#8243; bottom_padding=&#8221;0&#8243; overlay_alpha=&#8221;50&#8243; gutter_size=&#8221;3&#8243; column_width_percent=&#8221;100&#8243; shift_y=&#8221;0&#8243; z_index=&#8221;0&#8243; uncode_shortcode_id=&#8221;982693&#8243;][vc_column width=&#8221;1\/1&#8243;][vc_gallery el_id=&#8221;gallery-148163-95511&#8243; type=&#8221;carousel&#8221; medias=&#8221;102731,102726,102721&#8243; carousel_lg=&#8221;3&#8243; carousel_md=&#8221;3&#8243; carousel_sm=&#8221;1&#8243; thumb_size=&#8221;three-two&#8221; gutter_size=&#8221;1&#8243; media_items=&#8221;media|nolink|original&#8221; carousel_interval=&#8221;3000&#8243; carousel_navspeed=&#8221;400&#8243; carousel_nav=&#8221;yes&#8221; carousel_dots_mobile=&#8221;yes&#8221; carousel_dots_inside=&#8221;yes&#8221; carousel_dot_padding=&#8221;2&#8243; stage_padding=&#8221;0&#8243; single_overlay_coloration=&#8221;bottom_gradient&#8221; single_overlay_opacity=&#8221;1&#8243; single_overlay_anim=&#8221;no&#8221; single_text_visible=&#8221;yes&#8221; single_text_anim=&#8221;no&#8221; single_image_anim=&#8221;no&#8221; single_v_position=&#8221;bottom&#8221; single_padding=&#8221;2&#8243; single_border=&#8221;yes&#8221; uncode_shortcode_id=&#8221;186599&#8243;][\/vc_column][\/vc_row][vc_row][vc_column width=&#8221;1\/1&#8243;][uncode_block id=&#8221;102665&#8243;][\/vc_column][\/vc_row]<\/p>\n<\/div>","protected":false},"excerpt":{"rendered":"<p>Lignes de traitement<\/p>\n","protected":false},"author":1,"featured_media":102016,"parent":104194,"menu_order":0,"comment_status":"closed","ping_status":"closed","template":"","meta":{"footnotes":""},"class_list":["post-104266","page","type-page","status-publish","has-post-thumbnail","hentry","page_category-lignes-de-traitement"],"yoast_head":"<!-- This site is optimized with the Yoast SEO plugin v27.4 - https:\/\/yoast.com\/product\/yoast-seo-wordpress\/ -->\n<title>VEMAC | Lignes de traitement des jambons secs<\/title>\n<meta name=\"description\" content=\"Nos lignes de traitement pour jambons secs se distinguent par l&#039;augmentation de l&#039;efficacit\u00e9 de la production et la r\u00e9duction des co\u00fbts\" \/>\n<meta name=\"robots\" content=\"index, follow, max-snippet:-1, max-image-preview:large, max-video-preview:-1\" \/>\n<link rel=\"canonical\" href=\"https:\/\/www.vemacautomazioni.it\/fr\/lignes-de-traitement\/jambons-secs\/\" \/>\n<meta property=\"og:locale\" content=\"fr_FR\" \/>\n<meta property=\"og:type\" content=\"article\" \/>\n<meta property=\"og:title\" content=\"VEMAC | Lignes de traitement des jambons secs\" \/>\n<meta property=\"og:description\" content=\"Nos lignes de traitement pour jambons secs se distinguent par l&#039;augmentation de l&#039;efficacit\u00e9 de la production et la r\u00e9duction des co\u00fbts\" \/>\n<meta property=\"og:url\" content=\"https:\/\/www.vemacautomazioni.it\/fr\/lignes-de-traitement\/jambons-secs\/\" \/>\n<meta property=\"og:site_name\" content=\"VEMAC\" \/>\n<meta property=\"article:modified_time\" content=\"2024-01-10T09:54:47+00:00\" \/>\n<meta property=\"og:image\" content=\"https:\/\/www.vemacautomazioni.it\/wp-content\/uploads\/2022\/04\/vemac-Linea-di-lavorazione-Prosciutti-crudi-da-stagionare.jpg\" \/>\n\t<meta property=\"og:image:width\" content=\"1920\" \/>\n\t<meta property=\"og:image:height\" content=\"1080\" \/>\n\t<meta property=\"og:image:type\" content=\"image\/jpeg\" \/>\n<meta name=\"twitter:card\" content=\"summary_large_image\" \/>\n<meta name=\"twitter:label1\" content=\"Est. reading time\" \/>\n\t<meta name=\"twitter:data1\" content=\"4 minutes\" \/>\n<script type=\"application\/ld+json\" class=\"yoast-schema-graph\">{\"@context\":\"https:\\\/\\\/schema.org\",\"@graph\":[{\"@type\":\"WebPage\",\"@id\":\"https:\\\/\\\/www.vemacautomazioni.it\\\/fr\\\/lignes-de-traitement\\\/jambons-secs\\\/\",\"url\":\"https:\\\/\\\/www.vemacautomazioni.it\\\/fr\\\/lignes-de-traitement\\\/jambons-secs\\\/\",\"name\":\"VEMAC | Lignes de traitement des jambons secs\",\"isPartOf\":{\"@id\":\"https:\\\/\\\/www.vemacautomazioni.it\\\/fr\\\/#website\"},\"primaryImageOfPage\":{\"@id\":\"https:\\\/\\\/www.vemacautomazioni.it\\\/fr\\\/lignes-de-traitement\\\/jambons-secs\\\/#primaryimage\"},\"image\":{\"@id\":\"https:\\\/\\\/www.vemacautomazioni.it\\\/fr\\\/lignes-de-traitement\\\/jambons-secs\\\/#primaryimage\"},\"thumbnailUrl\":\"https:\\\/\\\/www.vemacautomazioni.it\\\/wp-content\\\/uploads\\\/2022\\\/04\\\/vemac-Linea-di-lavorazione-Prosciutti-crudi-da-stagionare.jpg\",\"datePublished\":\"2022-04-05T07:55:51+00:00\",\"dateModified\":\"2024-01-10T09:54:47+00:00\",\"description\":\"Nos lignes de traitement pour jambons secs se distinguent par l'augmentation de l'efficacit\u00e9 de la production et la r\u00e9duction des co\u00fbts\",\"breadcrumb\":{\"@id\":\"https:\\\/\\\/www.vemacautomazioni.it\\\/fr\\\/lignes-de-traitement\\\/jambons-secs\\\/#breadcrumb\"},\"inLanguage\":\"fr-FR\",\"potentialAction\":[{\"@type\":\"ReadAction\",\"target\":[\"https:\\\/\\\/www.vemacautomazioni.it\\\/fr\\\/lignes-de-traitement\\\/jambons-secs\\\/\"]}]},{\"@type\":\"ImageObject\",\"inLanguage\":\"fr-FR\",\"@id\":\"https:\\\/\\\/www.vemacautomazioni.it\\\/fr\\\/lignes-de-traitement\\\/jambons-secs\\\/#primaryimage\",\"url\":\"https:\\\/\\\/www.vemacautomazioni.it\\\/wp-content\\\/uploads\\\/2022\\\/04\\\/vemac-Linea-di-lavorazione-Prosciutti-crudi-da-stagionare.jpg\",\"contentUrl\":\"https:\\\/\\\/www.vemacautomazioni.it\\\/wp-content\\\/uploads\\\/2022\\\/04\\\/vemac-Linea-di-lavorazione-Prosciutti-crudi-da-stagionare.jpg\",\"width\":1920,\"height\":1080},{\"@type\":\"BreadcrumbList\",\"@id\":\"https:\\\/\\\/www.vemacautomazioni.it\\\/fr\\\/lignes-de-traitement\\\/jambons-secs\\\/#breadcrumb\",\"itemListElement\":[{\"@type\":\"ListItem\",\"position\":1,\"name\":\"Home\",\"item\":\"https:\\\/\\\/www.vemacautomazioni.it\\\/fr\\\/\"},{\"@type\":\"ListItem\",\"position\":2,\"name\":\"Lignes de traitement\",\"item\":\"https:\\\/\\\/www.vemacautomazioni.it\\\/fr\\\/lignes-de-traitement\\\/\"},{\"@type\":\"ListItem\",\"position\":3,\"name\":\"Jambons secs\"}]},{\"@type\":\"WebSite\",\"@id\":\"https:\\\/\\\/www.vemacautomazioni.it\\\/fr\\\/#website\",\"url\":\"https:\\\/\\\/www.vemacautomazioni.it\\\/fr\\\/\",\"name\":\"VEMAC\",\"description\":\"Industrial automation\",\"potentialAction\":[{\"@type\":\"SearchAction\",\"target\":{\"@type\":\"EntryPoint\",\"urlTemplate\":\"https:\\\/\\\/www.vemacautomazioni.it\\\/fr\\\/?s={search_term_string}\"},\"query-input\":{\"@type\":\"PropertyValueSpecification\",\"valueRequired\":true,\"valueName\":\"search_term_string\"}}],\"inLanguage\":\"fr-FR\"}]}<\/script>\n<!-- \/ Yoast SEO plugin. -->","yoast_head_json":{"title":"VEMAC | Lignes de traitement des jambons secs","description":"Nos lignes de traitement pour jambons secs se distinguent par l'augmentation de l'efficacit\u00e9 de la production et la r\u00e9duction des co\u00fbts","robots":{"index":"index","follow":"follow","max-snippet":"max-snippet:-1","max-image-preview":"max-image-preview:large","max-video-preview":"max-video-preview:-1"},"canonical":"https:\/\/www.vemacautomazioni.it\/fr\/lignes-de-traitement\/jambons-secs\/","og_locale":"fr_FR","og_type":"article","og_title":"VEMAC | Lignes de traitement des jambons secs","og_description":"Nos lignes de traitement pour jambons secs se distinguent par l'augmentation de l'efficacit\u00e9 de la production et la r\u00e9duction des co\u00fbts","og_url":"https:\/\/www.vemacautomazioni.it\/fr\/lignes-de-traitement\/jambons-secs\/","og_site_name":"VEMAC","article_modified_time":"2024-01-10T09:54:47+00:00","og_image":[{"width":1920,"height":1080,"url":"https:\/\/www.vemacautomazioni.it\/wp-content\/uploads\/2022\/04\/vemac-Linea-di-lavorazione-Prosciutti-crudi-da-stagionare.jpg","type":"image\/jpeg"}],"twitter_card":"summary_large_image","twitter_misc":{"Est. reading time":"4 minutes"},"schema":{"@context":"https:\/\/schema.org","@graph":[{"@type":"WebPage","@id":"https:\/\/www.vemacautomazioni.it\/fr\/lignes-de-traitement\/jambons-secs\/","url":"https:\/\/www.vemacautomazioni.it\/fr\/lignes-de-traitement\/jambons-secs\/","name":"VEMAC | Lignes de traitement des jambons secs","isPartOf":{"@id":"https:\/\/www.vemacautomazioni.it\/fr\/#website"},"primaryImageOfPage":{"@id":"https:\/\/www.vemacautomazioni.it\/fr\/lignes-de-traitement\/jambons-secs\/#primaryimage"},"image":{"@id":"https:\/\/www.vemacautomazioni.it\/fr\/lignes-de-traitement\/jambons-secs\/#primaryimage"},"thumbnailUrl":"https:\/\/www.vemacautomazioni.it\/wp-content\/uploads\/2022\/04\/vemac-Linea-di-lavorazione-Prosciutti-crudi-da-stagionare.jpg","datePublished":"2022-04-05T07:55:51+00:00","dateModified":"2024-01-10T09:54:47+00:00","description":"Nos lignes de traitement pour jambons secs se distinguent par l'augmentation de l'efficacit\u00e9 de la production et la r\u00e9duction des co\u00fbts","breadcrumb":{"@id":"https:\/\/www.vemacautomazioni.it\/fr\/lignes-de-traitement\/jambons-secs\/#breadcrumb"},"inLanguage":"fr-FR","potentialAction":[{"@type":"ReadAction","target":["https:\/\/www.vemacautomazioni.it\/fr\/lignes-de-traitement\/jambons-secs\/"]}]},{"@type":"ImageObject","inLanguage":"fr-FR","@id":"https:\/\/www.vemacautomazioni.it\/fr\/lignes-de-traitement\/jambons-secs\/#primaryimage","url":"https:\/\/www.vemacautomazioni.it\/wp-content\/uploads\/2022\/04\/vemac-Linea-di-lavorazione-Prosciutti-crudi-da-stagionare.jpg","contentUrl":"https:\/\/www.vemacautomazioni.it\/wp-content\/uploads\/2022\/04\/vemac-Linea-di-lavorazione-Prosciutti-crudi-da-stagionare.jpg","width":1920,"height":1080},{"@type":"BreadcrumbList","@id":"https:\/\/www.vemacautomazioni.it\/fr\/lignes-de-traitement\/jambons-secs\/#breadcrumb","itemListElement":[{"@type":"ListItem","position":1,"name":"Home","item":"https:\/\/www.vemacautomazioni.it\/fr\/"},{"@type":"ListItem","position":2,"name":"Lignes de traitement","item":"https:\/\/www.vemacautomazioni.it\/fr\/lignes-de-traitement\/"},{"@type":"ListItem","position":3,"name":"Jambons secs"}]},{"@type":"WebSite","@id":"https:\/\/www.vemacautomazioni.it\/fr\/#website","url":"https:\/\/www.vemacautomazioni.it\/fr\/","name":"VEMAC","description":"Industrial automation","potentialAction":[{"@type":"SearchAction","target":{"@type":"EntryPoint","urlTemplate":"https:\/\/www.vemacautomazioni.it\/fr\/?s={search_term_string}"},"query-input":{"@type":"PropertyValueSpecification","valueRequired":true,"valueName":"search_term_string"}}],"inLanguage":"fr-FR"}]}},"_links":{"self":[{"href":"https:\/\/www.vemacautomazioni.it\/fr\/wp-json\/wp\/v2\/pages\/104266","targetHints":{"allow":["GET"]}}],"collection":[{"href":"https:\/\/www.vemacautomazioni.it\/fr\/wp-json\/wp\/v2\/pages"}],"about":[{"href":"https:\/\/www.vemacautomazioni.it\/fr\/wp-json\/wp\/v2\/types\/page"}],"author":[{"embeddable":true,"href":"https:\/\/www.vemacautomazioni.it\/fr\/wp-json\/wp\/v2\/users\/1"}],"replies":[{"embeddable":true,"href":"https:\/\/www.vemacautomazioni.it\/fr\/wp-json\/wp\/v2\/comments?post=104266"}],"version-history":[{"count":3,"href":"https:\/\/www.vemacautomazioni.it\/fr\/wp-json\/wp\/v2\/pages\/104266\/revisions"}],"predecessor-version":[{"id":105951,"href":"https:\/\/www.vemacautomazioni.it\/fr\/wp-json\/wp\/v2\/pages\/104266\/revisions\/105951"}],"up":[{"embeddable":true,"href":"https:\/\/www.vemacautomazioni.it\/fr\/wp-json\/wp\/v2\/pages\/104194"}],"wp:featuredmedia":[{"embeddable":true,"href":"https:\/\/www.vemacautomazioni.it\/fr\/wp-json\/wp\/v2\/media\/102016"}],"wp:attachment":[{"href":"https:\/\/www.vemacautomazioni.it\/fr\/wp-json\/wp\/v2\/media?parent=104266"}],"curies":[{"name":"wp","href":"https:\/\/api.w.org\/{rel}","templated":true}]}}