{"id":104278,"date":"2022-04-05T07:56:03","date_gmt":"2022-04-05T07:56:03","guid":{"rendered":"https:\/\/vemacautomazioni.it\/lignes-de-traitement\/jambon-sec-a-trancher\/"},"modified":"2024-01-10T09:55:31","modified_gmt":"2024-01-10T09:55:31","slug":"jambon-sec-a-trancher","status":"publish","type":"page","link":"https:\/\/www.vemacautomazioni.it\/fr\/lignes-de-traitement\/jambon-sec-a-trancher\/","title":{"rendered":"Jambon sec \u00e0 trancher"},"content":{"rendered":"<div class=\"wpb-content-wrapper\"><p>[vc_row row_height_percent=&#8221;0&#8243; override_padding=&#8221;yes&#8221; h_padding=&#8221;2&#8243; top_padding=&#8221;0&#8243; bottom_padding=&#8221;0&#8243; overlay_alpha=&#8221;50&#8243; gutter_size=&#8221;3&#8243; column_width_percent=&#8221;100&#8243; shift_y=&#8221;0&#8243; z_index=&#8221;0&#8243; uncode_shortcode_id=&#8221;425960&#8243; back_color_type=&#8221;uncode-solid&#8221; back_color_solid=&#8221;#f9b000&#8243;][vc_column width=&#8221;1\/1&#8243;][vc_empty_space empty_h=&#8221;2&#8243;][\/vc_column][\/vc_row][vc_row row_height_percent=&#8221;0&#8243; override_padding=&#8221;yes&#8221; h_padding=&#8221;2&#8243; top_padding=&#8221;5&#8243; bottom_padding=&#8221;2&#8243; overlay_alpha=&#8221;50&#8243; gutter_size=&#8221;3&#8243; column_width_percent=&#8221;100&#8243; shift_y=&#8221;0&#8243; z_index=&#8221;0&#8243; uncode_shortcode_id=&#8221;109626&#8243;][vc_column column_width_percent=&#8221;100&#8243; gutter_size=&#8221;3&#8243; overlay_alpha=&#8221;50&#8243; shift_x=&#8221;0&#8243; shift_y=&#8221;0&#8243; shift_y_down=&#8221;0&#8243; z_index=&#8221;0&#8243; medium_width=&#8221;0&#8243; mobile_width=&#8221;0&#8243; width=&#8221;1\/3&#8243; uncode_shortcode_id=&#8221;169701&#8243;][vc_column_text uncode_shortcode_id=&#8221;139452&#8243;]<img decoding=\"async\" class=\"alignnone wp-image-102391\" src=\"https:\/\/www.vemacautomazioni.it\/wp-content\/uploads\/2022\/04\/ico.png\" alt=\"\" width=\"270\" height=\"119\" srcset=\"https:\/\/www.vemacautomazioni.it\/wp-content\/uploads\/2022\/04\/ico.png 400w, https:\/\/www.vemacautomazioni.it\/wp-content\/uploads\/2022\/04\/ico-300x132.png 300w\" sizes=\"(max-width: 270px) 100vw, 270px\" \/>[\/vc_column_text][\/vc_column][vc_column width=&#8221;2\/3&#8243;][vc_row_inner limit_content=&#8221;&#8221;][vc_column_inner column_width_percent=&#8221;100&#8243; gutter_size=&#8221;2&#8243; overlay_alpha=&#8221;50&#8243; shift_x=&#8221;0&#8243; shift_y=&#8221;0&#8243; shift_y_down=&#8221;0&#8243; z_index=&#8221;0&#8243; medium_width=&#8221;0&#8243; mobile_width=&#8221;0&#8243; width=&#8221;1\/1&#8243; uncode_shortcode_id=&#8221;156075&#8243;][vc_custom_heading heading_semantic=&#8221;h3&#8243; text_size=&#8221;fontsize-155944&#8243; text_space=&#8221;fontspace-111509&#8243; uncode_shortcode_id=&#8221;187169&#8243;]Nos lignes de <strong>pr\u00e9paration de &#8220;briques&#8221; pour jambon sec \u00e0 trancher<\/strong> se distinguent par la m\u00e9thode de production MAXI-MOULE[\/vc_custom_heading][vc_separator sep_color=&#8221;&#8221; type=&#8221;dashed&#8221; css_animation=&#8221;right-t-left&#8221; animation_delay=&#8221;400&#8243; uncode_shortcode_id=&#8221;503164&#8243; sep_color_type=&#8221;uncode-solid&#8221; sep_color_solid=&#8221;#f9b000&#8243; el_width=&#8221;180px&#8221; el_height=&#8221;8px&#8221;][\/vc_column_inner][\/vc_row_inner][\/vc_column][\/vc_row][vc_row row_height_percent=&#8221;0&#8243; override_padding=&#8221;yes&#8221; h_padding=&#8221;2&#8243; top_padding=&#8221;2&#8243; bottom_padding=&#8221;5&#8243; overlay_alpha=&#8221;50&#8243; gutter_size=&#8221;3&#8243; column_width_percent=&#8221;100&#8243; shift_y=&#8221;0&#8243; z_index=&#8221;0&#8243; uncode_shortcode_id=&#8221;184180&#8243;][vc_column column_width_percent=&#8221;100&#8243; gutter_size=&#8221;3&#8243; overlay_alpha=&#8221;50&#8243; shift_x=&#8221;0&#8243; shift_y=&#8221;0&#8243; shift_y_down=&#8221;0&#8243; z_index=&#8221;0&#8243; medium_width=&#8221;0&#8243; mobile_width=&#8221;0&#8243; width=&#8221;1\/3&#8243; uncode_shortcode_id=&#8221;768429&#8243;][vc_single_image media=&#8221;102753&#8243; media_width_use_pixel=&#8221;yes&#8221; alignment=&#8221;center&#8221; uncode_shortcode_id=&#8221;123370&#8243; media_width_pixel=&#8221;180&#8243;][\/vc_column][vc_column column_width_percent=&#8221;100&#8243; gutter_size=&#8221;2&#8243; overlay_alpha=&#8221;50&#8243; shift_x=&#8221;0&#8243; shift_y=&#8221;0&#8243; shift_y_down=&#8221;0&#8243; z_index=&#8221;0&#8243; medium_width=&#8221;0&#8243; mobile_width=&#8221;0&#8243; width=&#8221;2\/3&#8243; uncode_shortcode_id=&#8221;172437&#8243;][vc_row_inner limit_content=&#8221;&#8221;][vc_column_inner width=&#8221;1\/2&#8243;][vc_column_text uncode_shortcode_id=&#8221;156216&#8243;]La grande exp\u00e9rience de nos techniciens nous a permis de r\u00e9aliser une m\u00e9thodologie de production unique en son genre gr\u00e2ce au syst\u00e8me brevet\u00e9 MAXI-MOULE.[\/vc_column_text][\/vc_column_inner][vc_column_inner column_width_percent=&#8221;100&#8243; gutter_size=&#8221;2&#8243; overlay_alpha=&#8221;50&#8243; shift_x=&#8221;0&#8243; shift_y=&#8221;0&#8243; shift_y_down=&#8221;0&#8243; z_index=&#8221;0&#8243; medium_width=&#8221;0&#8243; mobile_width=&#8221;0&#8243; width=&#8221;1\/2&#8243; uncode_shortcode_id=&#8221;126016&#8243;][vc_custom_heading heading_semantic=&#8221;h4&#8243; text_size=&#8221;h4&#8243; uncode_shortcode_id=&#8221;184596&#8243;]Avantages[\/vc_custom_heading][vc_column_text uncode_shortcode_id=&#8221;968299&#8243;]<\/p>\n<ul>\n<li>Optimisation de rendements en tranches<\/li>\n<li>R\u00e9duction de la main-d&#8217;\u0153uvre<\/li>\n<li>Possibilit\u00e9 de cr\u00e9er de barres de jambons \u00e0 trancher avec 2 jambons ou 4 \u00e9paules<\/li>\n<\/ul>\n<p>[\/vc_column_text][vc_empty_space empty_h=&#8221;2&#8243;][\/vc_column_inner][\/vc_row_inner][vc_row_inner row_inner_height_percent=&#8221;0&#8243; overlay_alpha=&#8221;50&#8243; equal_height=&#8221;yes&#8221; gutter_size=&#8221;3&#8243; shift_y=&#8221;0&#8243; z_index=&#8221;0&#8243; uncode_shortcode_id=&#8221;159045&#8243; limit_content=&#8221;&#8221;][vc_column_inner column_width_percent=&#8221;100&#8243; gutter_size=&#8221;0&#8243; style=&#8221;light&#8221; overlay_alpha=&#8221;50&#8243; shift_x=&#8221;0&#8243; shift_y=&#8221;0&#8243; shift_y_down=&#8221;0&#8243; z_index=&#8221;0&#8243; medium_width=&#8221;0&#8243; mobile_width=&#8221;0&#8243; radius=&#8221;xl&#8221; width=&#8221;2\/3&#8243; uncode_shortcode_id=&#8221;165867&#8243; back_color_type=&#8221;uncode-solid&#8221; back_color_solid=&#8221;#f9b000&#8243;][vc_custom_heading text_color=&#8221;color-jevc&#8221; heading_semantic=&#8221;h3&#8243; text_size=&#8221;h1&#8243; text_space=&#8221;fontspace-111509&#8243; uncode_shortcode_id=&#8221;975148&#8243; text_color_type=&#8221;uncode-palette&#8221;]Nouvelles[\/vc_custom_heading][vc_custom_heading heading_semantic=&#8221;h3&#8243; text_size=&#8221;h3&#8243; text_space=&#8221;fontspace-111509&#8243; uncode_shortcode_id=&#8221;507348&#8243;]Line for the production of \u201cLIGHT HAM\u201d[\/vc_custom_heading][vc_empty_space empty_h=&#8221;1&#8243;][vc_column_text text_color=&#8221;color-xsdn&#8221; uncode_shortcode_id=&#8221;936157&#8243; text_color_type=&#8221;uncode-palette&#8221;]Crudo Light VEMAC is an innovative product healthier than raw hams salted in bone, thanks to a lower salt content in the finished product and a lower percentage of fat.[\/vc_column_text][vc_empty_space empty_h=&#8221;1&#8243;][vc_button outline=&#8221;yes&#8221; border_width=&#8221;0&#8243; uncode_shortcode_id=&#8221;683099&#8243; icon=&#8221;fa fa-file-pdf-o&#8221; link=&#8221;url:https%3A%2F%2Fwww.vemacautomazioni.it%2Fwp-content%2Fuploads%2F2023%2F01%2FVEMAC-depliant-CRUDO-LIGHT-EN.pdf|target:_blank|&#8221;]Download the catalogue[\/vc_button][\/vc_column_inner][vc_column_inner column_width_percent=&#8221;100&#8243; gutter_size=&#8221;0&#8243; overlay_alpha=&#8221;50&#8243; shift_x=&#8221;0&#8243; shift_y=&#8221;0&#8243; shift_y_down=&#8221;0&#8243; z_index=&#8221;0&#8243; medium_width=&#8221;0&#8243; mobile_width=&#8221;0&#8243; width=&#8221;1\/3&#8243; uncode_shortcode_id=&#8221;185537&#8243;][vc_single_image media=&#8221;105219&#8243; media_width_percent=&#8221;100&#8243; uncode_shortcode_id=&#8221;180762&#8243; media_link=&#8221;url:https%3A%2F%2Fwww.vemacautomazioni.it%2Fwp-content%2Fuploads%2F2023%2F01%2FVEMAC-depliant-CRUDO-LIGHT-IT.pdf|target:_blank&#8221;][\/vc_column_inner][\/vc_row_inner][\/vc_column][\/vc_row][vc_row row_height_percent=&#8221;0&#8243; override_padding=&#8221;yes&#8221; h_padding=&#8221;2&#8243; top_padding=&#8221;6&#8243; bottom_padding=&#8221;6&#8243; back_color=&#8221;color-lxmt&#8221; overlay_alpha=&#8221;90&#8243; gutter_size=&#8221;3&#8243; column_width_percent=&#8221;100&#8243; shift_y=&#8221;0&#8243; z_index=&#8221;0&#8243; bottom_divider=&#8221;gradient&#8221; uncode_shortcode_id=&#8221;197008&#8243; back_color_type=&#8221;uncode-palette&#8221;][vc_column column_width_percent=&#8221;100&#8243; gutter_size=&#8221;2&#8243; overlay_alpha=&#8221;50&#8243; shift_x=&#8221;0&#8243; shift_y=&#8221;0&#8243; shift_y_down=&#8221;0&#8243; z_index=&#8221;0&#8243; medium_width=&#8221;0&#8243; mobile_width=&#8221;0&#8243; width=&#8221;1\/1&#8243; uncode_shortcode_id=&#8221;772094&#8243;][vc_gallery el_id=&#8221;gallery-101904&#8243; isotope_mode=&#8221;fitRows&#8221; medias=&#8221;102778,102783,102788,102793,102798,102803,102808,102813,102818,102823,102828,102833&#8243; gutter_size=&#8221;3&#8243; media_items=&#8221;caption,media|nolink|original,title&#8221; screen_lg=&#8221;1000&#8243; screen_md=&#8221;600&#8243; screen_sm=&#8221;480&#8243; single_text=&#8221;under&#8221; single_width=&#8221;3&#8243; images_size=&#8221;three-two&#8221; single_shape=&#8221;round&#8221; single_overlay_opacity=&#8221;50&#8243; single_overlay_anim=&#8221;no&#8221; single_text_anim=&#8221;no&#8221; single_image_anim=&#8221;no&#8221; single_padding=&#8221;1&#8243; single_text_reduced=&#8221;yes&#8221; single_title_dimension=&#8221;h4&#8243; single_shadow=&#8221;yes&#8221; shadow_weight=&#8221;std&#8221; single_border=&#8221;yes&#8221; single_css_animation=&#8221;bottom-t-top&#8221; uncode_shortcode_id=&#8221;203761&#8243;][\/vc_column][\/vc_row][vc_row unlock_row_content=&#8221;yes&#8221; row_height_percent=&#8221;0&#8243; override_padding=&#8221;yes&#8221; h_padding=&#8221;0&#8243; top_padding=&#8221;0&#8243; bottom_padding=&#8221;0&#8243; overlay_alpha=&#8221;50&#8243; gutter_size=&#8221;3&#8243; column_width_percent=&#8221;100&#8243; shift_y=&#8221;0&#8243; z_index=&#8221;0&#8243; uncode_shortcode_id=&#8221;982693&#8243;][vc_column width=&#8221;1\/1&#8243;][vc_gallery el_id=&#8221;gallery-148163-95511&#8243; type=&#8221;carousel&#8221; medias=&#8221;102763,102758,102768,102773&#8243; carousel_lg=&#8221;3&#8243; carousel_md=&#8221;3&#8243; carousel_sm=&#8221;1&#8243; thumb_size=&#8221;three-two&#8221; gutter_size=&#8221;1&#8243; media_items=&#8221;media|nolink|original&#8221; carousel_interval=&#8221;3000&#8243; carousel_navspeed=&#8221;400&#8243; carousel_loop=&#8221;yes&#8221; carousel_nav=&#8221;yes&#8221; carousel_dots_mobile=&#8221;yes&#8221; carousel_dots_inside=&#8221;yes&#8221; carousel_dot_padding=&#8221;2&#8243; stage_padding=&#8221;0&#8243; single_overlay_coloration=&#8221;bottom_gradient&#8221; single_overlay_opacity=&#8221;1&#8243; single_overlay_anim=&#8221;no&#8221; single_text_visible=&#8221;yes&#8221; single_text_anim=&#8221;no&#8221; single_image_anim=&#8221;no&#8221; single_v_position=&#8221;bottom&#8221; single_padding=&#8221;2&#8243; single_border=&#8221;yes&#8221; uncode_shortcode_id=&#8221;744110&#8243;][\/vc_column][\/vc_row][vc_row][vc_column width=&#8221;1\/1&#8243;][uncode_block id=&#8221;102665&#8243;][\/vc_column][\/vc_row]<\/p>\n<\/div>","protected":false},"excerpt":{"rendered":"<p>Lignes de traitement<\/p>\n","protected":false},"author":1,"featured_media":102021,"parent":104194,"menu_order":0,"comment_status":"closed","ping_status":"closed","template":"","meta":{"footnotes":""},"class_list":["post-104278","page","type-page","status-publish","has-post-thumbnail","hentry","page_category-lignes-de-traitement"],"yoast_head":"<!-- This site is optimized with the Yoast SEO plugin v27.4 - https:\/\/yoast.com\/product\/yoast-seo-wordpress\/ -->\n<title>VEMAC | Lignes de traitement du jambon sec \u00e0 trancher<\/title>\n<meta name=\"description\" content=\"Nos lignes de traitement du jambon sec \u00e0 trancher se distinguent par l&#039;augmentation de l&#039;efficacit\u00e9 de la production et la r\u00e9duction des co\u00fbts\" \/>\n<meta name=\"robots\" content=\"index, follow, max-snippet:-1, max-image-preview:large, max-video-preview:-1\" \/>\n<link rel=\"canonical\" href=\"https:\/\/www.vemacautomazioni.it\/fr\/lignes-de-traitement\/jambon-sec-a-trancher\/\" \/>\n<meta property=\"og:locale\" content=\"fr_FR\" \/>\n<meta property=\"og:type\" content=\"article\" \/>\n<meta property=\"og:title\" content=\"VEMAC | Lignes de traitement du jambon sec \u00e0 trancher\" \/>\n<meta property=\"og:description\" content=\"Nos lignes de traitement du jambon sec \u00e0 trancher se distinguent par l&#039;augmentation de l&#039;efficacit\u00e9 de la production et la r\u00e9duction des co\u00fbts\" \/>\n<meta property=\"og:url\" content=\"https:\/\/www.vemacautomazioni.it\/fr\/lignes-de-traitement\/jambon-sec-a-trancher\/\" \/>\n<meta property=\"og:site_name\" content=\"VEMAC\" \/>\n<meta property=\"article:modified_time\" content=\"2024-01-10T09:55:31+00:00\" \/>\n<meta property=\"og:image\" content=\"https:\/\/www.vemacautomazioni.it\/wp-content\/uploads\/2022\/04\/vemac-Linea-di-preparazione-mattonelle-per-prosciutto-crudo-da-affettare.jpg\" \/>\n\t<meta property=\"og:image:width\" content=\"1920\" \/>\n\t<meta property=\"og:image:height\" content=\"1080\" \/>\n\t<meta property=\"og:image:type\" content=\"image\/jpeg\" \/>\n<meta name=\"twitter:card\" content=\"summary_large_image\" \/>\n<meta name=\"twitter:label1\" content=\"Est. reading time\" \/>\n\t<meta name=\"twitter:data1\" content=\"5 minutes\" \/>\n<script type=\"application\/ld+json\" class=\"yoast-schema-graph\">{\"@context\":\"https:\\\/\\\/schema.org\",\"@graph\":[{\"@type\":\"WebPage\",\"@id\":\"https:\\\/\\\/www.vemacautomazioni.it\\\/fr\\\/lignes-de-traitement\\\/jambon-sec-a-trancher\\\/\",\"url\":\"https:\\\/\\\/www.vemacautomazioni.it\\\/fr\\\/lignes-de-traitement\\\/jambon-sec-a-trancher\\\/\",\"name\":\"VEMAC | Lignes de traitement du jambon sec \u00e0 trancher\",\"isPartOf\":{\"@id\":\"https:\\\/\\\/www.vemacautomazioni.it\\\/fr\\\/#website\"},\"primaryImageOfPage\":{\"@id\":\"https:\\\/\\\/www.vemacautomazioni.it\\\/fr\\\/lignes-de-traitement\\\/jambon-sec-a-trancher\\\/#primaryimage\"},\"image\":{\"@id\":\"https:\\\/\\\/www.vemacautomazioni.it\\\/fr\\\/lignes-de-traitement\\\/jambon-sec-a-trancher\\\/#primaryimage\"},\"thumbnailUrl\":\"https:\\\/\\\/www.vemacautomazioni.it\\\/wp-content\\\/uploads\\\/2022\\\/04\\\/vemac-Linea-di-preparazione-mattonelle-per-prosciutto-crudo-da-affettare.jpg\",\"datePublished\":\"2022-04-05T07:56:03+00:00\",\"dateModified\":\"2024-01-10T09:55:31+00:00\",\"description\":\"Nos lignes de traitement du jambon sec \u00e0 trancher se distinguent par l'augmentation de l'efficacit\u00e9 de la production et la r\u00e9duction des co\u00fbts\",\"breadcrumb\":{\"@id\":\"https:\\\/\\\/www.vemacautomazioni.it\\\/fr\\\/lignes-de-traitement\\\/jambon-sec-a-trancher\\\/#breadcrumb\"},\"inLanguage\":\"fr-FR\",\"potentialAction\":[{\"@type\":\"ReadAction\",\"target\":[\"https:\\\/\\\/www.vemacautomazioni.it\\\/fr\\\/lignes-de-traitement\\\/jambon-sec-a-trancher\\\/\"]}]},{\"@type\":\"ImageObject\",\"inLanguage\":\"fr-FR\",\"@id\":\"https:\\\/\\\/www.vemacautomazioni.it\\\/fr\\\/lignes-de-traitement\\\/jambon-sec-a-trancher\\\/#primaryimage\",\"url\":\"https:\\\/\\\/www.vemacautomazioni.it\\\/wp-content\\\/uploads\\\/2022\\\/04\\\/vemac-Linea-di-preparazione-mattonelle-per-prosciutto-crudo-da-affettare.jpg\",\"contentUrl\":\"https:\\\/\\\/www.vemacautomazioni.it\\\/wp-content\\\/uploads\\\/2022\\\/04\\\/vemac-Linea-di-preparazione-mattonelle-per-prosciutto-crudo-da-affettare.jpg\",\"width\":1920,\"height\":1080},{\"@type\":\"BreadcrumbList\",\"@id\":\"https:\\\/\\\/www.vemacautomazioni.it\\\/fr\\\/lignes-de-traitement\\\/jambon-sec-a-trancher\\\/#breadcrumb\",\"itemListElement\":[{\"@type\":\"ListItem\",\"position\":1,\"name\":\"Home\",\"item\":\"https:\\\/\\\/www.vemacautomazioni.it\\\/fr\\\/\"},{\"@type\":\"ListItem\",\"position\":2,\"name\":\"Lignes de traitement\",\"item\":\"https:\\\/\\\/www.vemacautomazioni.it\\\/fr\\\/lignes-de-traitement\\\/\"},{\"@type\":\"ListItem\",\"position\":3,\"name\":\"Jambon sec \u00e0 trancher\"}]},{\"@type\":\"WebSite\",\"@id\":\"https:\\\/\\\/www.vemacautomazioni.it\\\/fr\\\/#website\",\"url\":\"https:\\\/\\\/www.vemacautomazioni.it\\\/fr\\\/\",\"name\":\"VEMAC\",\"description\":\"Industrial automation\",\"potentialAction\":[{\"@type\":\"SearchAction\",\"target\":{\"@type\":\"EntryPoint\",\"urlTemplate\":\"https:\\\/\\\/www.vemacautomazioni.it\\\/fr\\\/?s={search_term_string}\"},\"query-input\":{\"@type\":\"PropertyValueSpecification\",\"valueRequired\":true,\"valueName\":\"search_term_string\"}}],\"inLanguage\":\"fr-FR\"}]}<\/script>\n<!-- \/ Yoast SEO plugin. -->","yoast_head_json":{"title":"VEMAC | Lignes de traitement du jambon sec \u00e0 trancher","description":"Nos lignes de traitement du jambon sec \u00e0 trancher se distinguent par l'augmentation de l'efficacit\u00e9 de la production et la r\u00e9duction des co\u00fbts","robots":{"index":"index","follow":"follow","max-snippet":"max-snippet:-1","max-image-preview":"max-image-preview:large","max-video-preview":"max-video-preview:-1"},"canonical":"https:\/\/www.vemacautomazioni.it\/fr\/lignes-de-traitement\/jambon-sec-a-trancher\/","og_locale":"fr_FR","og_type":"article","og_title":"VEMAC | Lignes de traitement du jambon sec \u00e0 trancher","og_description":"Nos lignes de traitement du jambon sec \u00e0 trancher se distinguent par l'augmentation de l'efficacit\u00e9 de la production et la r\u00e9duction des co\u00fbts","og_url":"https:\/\/www.vemacautomazioni.it\/fr\/lignes-de-traitement\/jambon-sec-a-trancher\/","og_site_name":"VEMAC","article_modified_time":"2024-01-10T09:55:31+00:00","og_image":[{"width":1920,"height":1080,"url":"https:\/\/www.vemacautomazioni.it\/wp-content\/uploads\/2022\/04\/vemac-Linea-di-preparazione-mattonelle-per-prosciutto-crudo-da-affettare.jpg","type":"image\/jpeg"}],"twitter_card":"summary_large_image","twitter_misc":{"Est. reading time":"5 minutes"},"schema":{"@context":"https:\/\/schema.org","@graph":[{"@type":"WebPage","@id":"https:\/\/www.vemacautomazioni.it\/fr\/lignes-de-traitement\/jambon-sec-a-trancher\/","url":"https:\/\/www.vemacautomazioni.it\/fr\/lignes-de-traitement\/jambon-sec-a-trancher\/","name":"VEMAC | Lignes de traitement du jambon sec \u00e0 trancher","isPartOf":{"@id":"https:\/\/www.vemacautomazioni.it\/fr\/#website"},"primaryImageOfPage":{"@id":"https:\/\/www.vemacautomazioni.it\/fr\/lignes-de-traitement\/jambon-sec-a-trancher\/#primaryimage"},"image":{"@id":"https:\/\/www.vemacautomazioni.it\/fr\/lignes-de-traitement\/jambon-sec-a-trancher\/#primaryimage"},"thumbnailUrl":"https:\/\/www.vemacautomazioni.it\/wp-content\/uploads\/2022\/04\/vemac-Linea-di-preparazione-mattonelle-per-prosciutto-crudo-da-affettare.jpg","datePublished":"2022-04-05T07:56:03+00:00","dateModified":"2024-01-10T09:55:31+00:00","description":"Nos lignes de traitement du jambon sec \u00e0 trancher se distinguent par l'augmentation de l'efficacit\u00e9 de la production et la r\u00e9duction des co\u00fbts","breadcrumb":{"@id":"https:\/\/www.vemacautomazioni.it\/fr\/lignes-de-traitement\/jambon-sec-a-trancher\/#breadcrumb"},"inLanguage":"fr-FR","potentialAction":[{"@type":"ReadAction","target":["https:\/\/www.vemacautomazioni.it\/fr\/lignes-de-traitement\/jambon-sec-a-trancher\/"]}]},{"@type":"ImageObject","inLanguage":"fr-FR","@id":"https:\/\/www.vemacautomazioni.it\/fr\/lignes-de-traitement\/jambon-sec-a-trancher\/#primaryimage","url":"https:\/\/www.vemacautomazioni.it\/wp-content\/uploads\/2022\/04\/vemac-Linea-di-preparazione-mattonelle-per-prosciutto-crudo-da-affettare.jpg","contentUrl":"https:\/\/www.vemacautomazioni.it\/wp-content\/uploads\/2022\/04\/vemac-Linea-di-preparazione-mattonelle-per-prosciutto-crudo-da-affettare.jpg","width":1920,"height":1080},{"@type":"BreadcrumbList","@id":"https:\/\/www.vemacautomazioni.it\/fr\/lignes-de-traitement\/jambon-sec-a-trancher\/#breadcrumb","itemListElement":[{"@type":"ListItem","position":1,"name":"Home","item":"https:\/\/www.vemacautomazioni.it\/fr\/"},{"@type":"ListItem","position":2,"name":"Lignes de traitement","item":"https:\/\/www.vemacautomazioni.it\/fr\/lignes-de-traitement\/"},{"@type":"ListItem","position":3,"name":"Jambon sec \u00e0 trancher"}]},{"@type":"WebSite","@id":"https:\/\/www.vemacautomazioni.it\/fr\/#website","url":"https:\/\/www.vemacautomazioni.it\/fr\/","name":"VEMAC","description":"Industrial automation","potentialAction":[{"@type":"SearchAction","target":{"@type":"EntryPoint","urlTemplate":"https:\/\/www.vemacautomazioni.it\/fr\/?s={search_term_string}"},"query-input":{"@type":"PropertyValueSpecification","valueRequired":true,"valueName":"search_term_string"}}],"inLanguage":"fr-FR"}]}},"_links":{"self":[{"href":"https:\/\/www.vemacautomazioni.it\/fr\/wp-json\/wp\/v2\/pages\/104278","targetHints":{"allow":["GET"]}}],"collection":[{"href":"https:\/\/www.vemacautomazioni.it\/fr\/wp-json\/wp\/v2\/pages"}],"about":[{"href":"https:\/\/www.vemacautomazioni.it\/fr\/wp-json\/wp\/v2\/types\/page"}],"author":[{"embeddable":true,"href":"https:\/\/www.vemacautomazioni.it\/fr\/wp-json\/wp\/v2\/users\/1"}],"replies":[{"embeddable":true,"href":"https:\/\/www.vemacautomazioni.it\/fr\/wp-json\/wp\/v2\/comments?post=104278"}],"version-history":[{"count":5,"href":"https:\/\/www.vemacautomazioni.it\/fr\/wp-json\/wp\/v2\/pages\/104278\/revisions"}],"predecessor-version":[{"id":105961,"href":"https:\/\/www.vemacautomazioni.it\/fr\/wp-json\/wp\/v2\/pages\/104278\/revisions\/105961"}],"up":[{"embeddable":true,"href":"https:\/\/www.vemacautomazioni.it\/fr\/wp-json\/wp\/v2\/pages\/104194"}],"wp:featuredmedia":[{"embeddable":true,"href":"https:\/\/www.vemacautomazioni.it\/fr\/wp-json\/wp\/v2\/media\/102021"}],"wp:attachment":[{"href":"https:\/\/www.vemacautomazioni.it\/fr\/wp-json\/wp\/v2\/media?parent=104278"}],"curies":[{"name":"wp","href":"https:\/\/api.w.org\/{rel}","templated":true}]}}